{"id":1058,"date":"2023-11-29T18:27:08","date_gmt":"2023-11-29T18:27:08","guid":{"rendered":"https:\/\/mercare.ca\/enregistrement-reussi\/"},"modified":"2023-12-04T20:08:47","modified_gmt":"2023-12-04T20:08:47","slug":"enregistrement-reussi","status":"publish","type":"page","link":"https:\/\/mercare.ca\/fr\/enregistrement-reussi\/","title":{"rendered":"Enregistrement r\u00e9ussi"},"content":{"rendered":"<style>\/*! elementor - v3.17.0 - 25-10-2023 *\/\n.elementor-widget-image{text-align:center}.elementor-widget-image a{display:inline-block}.elementor-widget-image a img[src$=\".svg\"]{width:48px}.elementor-widget-image img{vertical-align:middle;display:inline-block}<\/style>\n<p>\t\t\t\t\t\t\t\t\t\t\t\t<img fetchpriority=\"high\" decoding=\"async\" width=\"300\" height=\"300\" src=\"https:\/\/mercare.ca\/wp-content\/uploads\/2023\/11\/\u2014Pngtree\u2014check-mark-icon-design-template_4085369-300x300.png\" alt=\"successful\" srcset=\"https:\/\/mercare.ca\/wp-content\/uploads\/2023\/11\/\u2014Pngtree\u2014check-mark-icon-design-template_4085369-300x300.png 300w, https:\/\/mercare.ca\/wp-content\/uploads\/2023\/11\/\u2014Pngtree\u2014check-mark-icon-design-template_4085369-150x150.png 150w, https:\/\/mercare.ca\/wp-content\/uploads\/2023\/11\/\u2014Pngtree\u2014check-mark-icon-design-template_4085369-768x768.png 768w, https:\/\/mercare.ca\/wp-content\/uploads\/2023\/11\/\u2014Pngtree\u2014check-mark-icon-design-template_4085369.png 1000w\" sizes=\"(max-width: 300px) 100vw, 300px\" \/>\t\t\t\t\t\t\t\t\t\t\t\t\t\t\t<\/p>\n<style>\/*! elementor - v3.17.0 - 25-10-2023 *\/\n.elementor-heading-title{padding:0;margin:0;line-height:1}.elementor-widget-heading .elementor-heading-title[class*=elementor-size-]>a{color:inherit;font-size:inherit;line-height:inherit}.elementor-widget-heading .elementor-heading-title.elementor-size-small{font-size:15px}.elementor-widget-heading .elementor-heading-title.elementor-size-medium{font-size:19px}.elementor-widget-heading .elementor-heading-title.elementor-size-large{font-size:29px}.elementor-widget-heading .elementor-heading-title.elementor-size-xl{font-size:39px}.elementor-widget-heading .elementor-heading-title.elementor-size-xxl{font-size:59px}<\/style>\n<h2>Merci!<\/h2>\n<h4>Votre inscription a \u00e9t\u00e9 effectu\u00e9e avec succ\u00e8s.<\/h4>\n","protected":false},"excerpt":{"rendered":"<p>Merci! Votre inscription a \u00e9t\u00e9 effectu\u00e9e avec succ\u00e8s.<\/p>\n","protected":false},"author":2,"featured_media":0,"parent":0,"menu_order":0,"comment_status":"closed","ping_status":"closed","template":"","meta":{"footnotes":""},"aioseo_notices":[],"_links":{"self":[{"href":"https:\/\/mercare.ca\/fr\/wp-json\/wp\/v2\/pages\/1058"}],"collection":[{"href":"https:\/\/mercare.ca\/fr\/wp-json\/wp\/v2\/pages"}],"about":[{"href":"https:\/\/mercare.ca\/fr\/wp-json\/wp\/v2\/types\/page"}],"author":[{"embeddable":true,"href":"https:\/\/mercare.ca\/fr\/wp-json\/wp\/v2\/users\/2"}],"replies":[{"embeddable":true,"href":"https:\/\/mercare.ca\/fr\/wp-json\/wp\/v2\/comments?post=1058"}],"version-history":[{"count":1,"href":"https:\/\/mercare.ca\/fr\/wp-json\/wp\/v2\/pages\/1058\/revisions"}],"predecessor-version":[{"id":1059,"href":"https:\/\/mercare.ca\/fr\/wp-json\/wp\/v2\/pages\/1058\/revisions\/1059"}],"wp:attachment":[{"href":"https:\/\/mercare.ca\/fr\/wp-json\/wp\/v2\/media?parent=1058"}],"curies":[{"name":"wp","href":"https:\/\/api.w.org\/{rel}","templated":true}]}}