{"id":1067,"date":"2023-11-01T21:51:25","date_gmt":"2023-11-01T21:51:25","guid":{"rendered":"https:\/\/mercare.ca\/travailleurs-etrangers\/"},"modified":"2024-01-17T00:14:50","modified_gmt":"2024-01-17T00:14:50","slug":"travailleurs-etrangers","status":"publish","type":"page","link":"https:\/\/mercare.ca\/fr\/travailleurs-etrangers\/","title":{"rendered":"Travailleurs \u00e9trangers"},"content":{"rendered":"\t\t<div data-elementor-type=\"wp-page\" data-elementor-id=\"1067\" class=\"elementor elementor-1067 elementor-679\" data-elementor-post-type=\"page\">\n\t\t\t\t\t\t<section class=\"elementor-section elementor-top-section elementor-element elementor-element-322192e6 elementor-section-boxed elementor-section-height-default elementor-section-height-default\" data-id=\"322192e6\" data-element_type=\"section\" data-settings=\"{&quot;background_background&quot;:&quot;classic&quot;,&quot;ekit_has_onepagescroll_dot&quot;:&quot;yes&quot;}\">\n\t\t\t\t\t\t\t<div class=\"elementor-background-overlay\"><\/div>\n\t\t\t\t\t\t\t<div class=\"elementor-container elementor-column-gap-default\">\n\t\t\t\t\t<div class=\"elementor-column elementor-col-100 elementor-top-column elementor-element elementor-element-6cfc9abc\" data-id=\"6cfc9abc\" data-element_type=\"column\">\n\t\t\t<div class=\"elementor-widget-wrap elementor-element-populated\">\n\t\t\t\t\t\t<div class=\"elementor-element elementor-element-2b84c3f8 elementor-invisible elementor-widget elementor-widget-heading\" data-id=\"2b84c3f8\" data-element_type=\"widget\" data-settings=\"{&quot;_animation&quot;:&quot;fadeInDown&quot;,&quot;ekit_we_effect_on&quot;:&quot;none&quot;}\" data-widget_type=\"heading.default\">\n\t\t\t\t<div class=\"elementor-widget-container\">\n\t\t\t<style>\/*! elementor - v3.23.0 - 15-07-2024 *\/\n.elementor-heading-title{padding:0;margin:0;line-height:1}.elementor-widget-heading .elementor-heading-title[class*=elementor-size-]>a{color:inherit;font-size:inherit;line-height:inherit}.elementor-widget-heading .elementor-heading-title.elementor-size-small{font-size:15px}.elementor-widget-heading .elementor-heading-title.elementor-size-medium{font-size:19px}.elementor-widget-heading .elementor-heading-title.elementor-size-large{font-size:29px}.elementor-widget-heading .elementor-heading-title.elementor-size-xl{font-size:39px}.elementor-widget-heading .elementor-heading-title.elementor-size-xxl{font-size:59px}<\/style><h1 class=\"elementor-heading-title elementor-size-default\">Programme des travailleurs \u00e9trangers (gardiennes d\u2019enfants et aides-soignantes)<\/h1>\t\t<\/div>\n\t\t\t\t<\/div>\n\t\t\t\t\t<\/div>\n\t\t<\/div>\n\t\t\t\t\t<\/div>\n\t\t<\/section>\n\t\t<div class=\"elementor-element elementor-element-33b84930 e-flex e-con-boxed e-con e-parent\" data-id=\"33b84930\" data-element_type=\"container\" data-settings=\"{&quot;ekit_has_onepagescroll_dot&quot;:&quot;yes&quot;}\">\n\t\t\t\t\t<div class=\"e-con-inner\">\n\t\t\t\t<div class=\"elementor-element elementor-element-315ed21f elementor-widget elementor-widget-shortcode\" data-id=\"315ed21f\" data-element_type=\"widget\" data-settings=\"{&quot;ekit_we_effect_on&quot;:&quot;none&quot;}\" data-widget_type=\"shortcode.default\">\n\t\t\t\t<div class=\"elementor-widget-container\">\n\t\t\t\t\t<div class=\"elementor-shortcode\"><div class=\"aioseo-breadcrumbs\"><span class=\"aioseo-breadcrumb\">\n\t\t\tHome\n\t\t<\/span><\/div><\/div>\n\t\t\t\t<\/div>\n\t\t\t\t<\/div>\n\t\t\t\t\t<\/div>\n\t\t\t\t<\/div>\n\t\t\t\t<section class=\"elementor-section elementor-top-section elementor-element elementor-element-6aa60b7f elementor-section-boxed elementor-section-height-default elementor-section-height-default\" data-id=\"6aa60b7f\" data-element_type=\"section\" data-settings=\"{&quot;ekit_has_onepagescroll_dot&quot;:&quot;yes&quot;}\">\n\t\t\t\t\t\t<div class=\"elementor-container elementor-column-gap-default\">\n\t\t\t\t\t<div class=\"elementor-column elementor-col-50 elementor-top-column elementor-element elementor-element-dbb02ab\" data-id=\"dbb02ab\" data-element_type=\"column\">\n\t\t\t<div class=\"elementor-widget-wrap elementor-element-populated\">\n\t\t\t\t\t\t<div class=\"elementor-element elementor-element-5ab8eb2a elementor-widget elementor-widget-text-editor\" data-id=\"5ab8eb2a\" data-element_type=\"widget\" data-settings=\"{&quot;ekit_we_effect_on&quot;:&quot;none&quot;}\" data-widget_type=\"text-editor.default\">\n\t\t\t\t<div class=\"elementor-widget-container\">\n\t\t\t<style>\/*! elementor - v3.23.0 - 15-07-2024 *\/\n.elementor-widget-text-editor.elementor-drop-cap-view-stacked .elementor-drop-cap{background-color:#69727d;color:#fff}.elementor-widget-text-editor.elementor-drop-cap-view-framed .elementor-drop-cap{color:#69727d;border:3px solid;background-color:transparent}.elementor-widget-text-editor:not(.elementor-drop-cap-view-default) .elementor-drop-cap{margin-top:8px}.elementor-widget-text-editor:not(.elementor-drop-cap-view-default) .elementor-drop-cap-letter{width:1em;height:1em}.elementor-widget-text-editor .elementor-drop-cap{float:left;text-align:center;line-height:1;font-size:50px}.elementor-widget-text-editor .elementor-drop-cap-letter{display:inline-block}<\/style>\t\t\t\t<p>Le programme des travailleurs \u00e9trangers temporaires permet aux employeurs canadiens d\u2019embaucher des travailleurs \u00e9trangers pour des postes temporaires en l\u2019absence de main-d\u2019\u0153uvre qualifi\u00e9e canadienne ou de r\u00e9sidents permanents. Les familles peuvent embaucher une aide-soignante \u00e9trang\u00e8re pour prodiguer des soins, dans une r\u00e9sidence priv\u00e9e, \u00e0 des enfants, des personnes \u00e2g\u00e9es ou des personnes ayant des besoins m\u00e9dicaux certifi\u00e9s, lorsque les Canadiens et les r\u00e9sidents permanents ne r\u00e9pondent pas aux exigences de l\u2019offre d\u2019emploi.<\/p>\n<p><strong>Avantages de l\u2019embauche d\u2019une travailleuse \u00e9trang\u00e8re<\/strong><\/p>\n<p>Les principaux avantages de l\u2019embauche d\u2019une gardienne d\u2019enfants ou une aide-soignante \u00e9trang\u00e8re sont :<\/p>\n<ul>\n<li>Une gardienne d\u2019enfants ou une aide-soignante effectue des t\u00e2ches m\u00e9nag\u00e8res telles que la pr\u00e9paration des repas, la lessive et le nettoyage, en plus de ses fonctions principales.<\/li>\n<li>Une gardienne d\u2019enfants ou une aide-soignante \u00e9trang\u00e8re offre une stabilit\u00e9 aux employeurs, car elles sont engag\u00e9es pour une p\u00e9riode de contrat minimale de 2 ans avec possibilit\u00e9 de renouvellement.<\/li>\n<\/ul>\n<p><strong>OBLIGATIONS DE L\u2019EMPLOYEUR<\/strong><\/p>\n<p><strong>Les employeurs qui souhaitent embaucher des gardiennes d\u2019enfants ou des aides-soignantes doivent :<\/strong><\/p>\n<ul>\n<li>prouver qu\u2019ils ont tent\u00e9 d\u2019embaucher une Canadienne ou une r\u00e9sidente permanente pour pourvoir le poste.<\/li>\n<li>fournir une offre d\u2019emploi \u00e0 temps plein (au moins 30 heures par semaine), r\u00e9alis\u00e9 dans un foyer priv\u00e9 pour les soins aux enfants, aux personnes \u00e2g\u00e9es ou aux besoins m\u00e9dicaux importants.<\/li>\n<li>d\u00e9montrer qu\u2019ils ont un revenu suffisant pour couvrir le salaire de la gardienne d\u2019enfants ou de l\u2019aide-soignante.<\/li>\n<li>prouver la raison pour laquelle l\u2019enfant ou la personne \u00e2g\u00e9e a besoin des soins d\u2019une gardienne d\u2019enfants ou d\u2019une aide-soignante. Dans le cas de personnes n\u00e9cessitant une attention m\u00e9dicale \u00e9lev\u00e9e, il faut soumettre des documents suppl\u00e9mentaires avec la demande.<\/li>\n<li>couvrir les frais des billets d\u2019avion d\u2019aller-retour de la gardienne d\u2019enfants \u00e0 partir de son pays de r\u00e9sidence jusqu\u2019au lieu de travail.<\/li>\n<li>couvrir les frais d\u2019assurance pour la gardienne d\u2019enfants, depuis son arriv\u00e9e au Canada jusqu\u2019\u00e0 ce qu\u2019elle soit couverte par le r\u00e9gime d\u2019assurance provincial.<\/li>\n<\/ul>\n<p><strong>Logement pour la gardienne d\u2019enfants ou l\u2019aide-soignante<\/strong><\/p>\n<p>G\u00e9n\u00e9ralement, la gardienne d\u2019enfants ou l\u2019aide-soignante \u00e9trang\u00e8re vit au domicile de l\u2019employeur ou \u00e0 l\u2019endroit o\u00f9 elle travaille, mais ce n\u2019est pas une obligation. Cette personne peut vivre dans une maison autre que son lieu de travail.<\/p>\n<p>Cependant, si la gardienne d\u2019enfants ou l\u2019aide-soignante \u00e0 temps plein r\u00e9side dans le foyer de l\u2019employeur, celui-ci doit lui fournir un logement priv\u00e9, tel qu\u2019une chambre avec une fen\u00eatre et une serrure \u00e0 cl\u00e9, et lui remettre les cl\u00e9s pour qu\u2019elle puisse acc\u00e9der \u00e0 la pi\u00e8ce.<\/p>\n<\/p>\n<p><strong>EXIGENCES POUR LES TRAVAILLEUSES \u00c9TRANG\u00c8RES<\/strong><\/p>\n<p><strong>Les gardiennes d\u2019enfants ou les aides-soignantes \u00e9trang\u00e8res qui souhaitent postuler doivent :<\/strong><\/p>\n<ul>\n<li>avoir au moins un dipl\u00f4me d\u2019\u00e9tudes postsecondaires d\u2019une dur\u00e9e d\u2019au moins 1 an, \u00e9quivalent \u00e0 un dipl\u00f4me d\u2019\u00e9tudes canadien d\u2019au moins 1 an, et<\/li>\n<li>\u2022 obtenir la note minimum requise au test d\u2019anglais ou de fran\u00e7ais, et<\/li>\n<li>\u00eatre en mesure de d\u00e9montrer qu\u2019elles peuvent effectuer les t\u00e2ches du poste au Canada en ayant une exp\u00e9rience de travail suffisante et v\u00e9rifiable.<\/li>\n<\/ul>\n<p><strong>Choisir MERCARE COMME VOTRE CABINET DE RECRUTEMENT ET D\u2019IMMIGRATION<\/strong><\/p>\n<p>Mercare trouve des candidats dans le monde entier et les filtre pour avoir des candidats qui r\u00e9pondent aux exigences en vigueur du programme d\u2019immigration ou de permis de travail. Mercare met tout en \u0153uvre pour recruter des candidats qualifi\u00e9s et admissibles pour le CLIENT de mani\u00e8re \u00e9thique et conform\u00e9ment aux lois provinciales et f\u00e9d\u00e9rales.<\/p>\n<p>De plus, Mercare repr\u00e9sentera l\u2019employeur aupr\u00e8s du gouvernement pour obtenir la documentation requise pour embaucher une gardienne d\u2019enfants ou une aide-soignante \u00e9trang\u00e8re. De m\u00eame, Mercare repr\u00e9sentera la gardienne d\u2019enfants ou l\u2019aide-soignante \u00e9trang\u00e8re pour obtenir l\u2019autorisation de travail n\u00e9cessaire afin de travailler l\u00e9galement au Canada.<\/p>\n\t\t\t\t\t\t<\/div>\n\t\t\t\t<\/div>\n\t\t\t\t\t<\/div>\n\t\t<\/div>\n\t\t\t\t<div class=\"elementor-column elementor-col-50 elementor-top-column elementor-element elementor-element-215e98fe\" data-id=\"215e98fe\" data-element_type=\"column\" data-settings=\"{&quot;background_background&quot;:&quot;classic&quot;}\">\n\t\t\t<div class=\"elementor-widget-wrap\">\n\t\t\t\t\t\t\t<\/div>\n\t\t<\/div>\n\t\t\t\t\t<\/div>\n\t\t<\/section>\n\t\t\t\t<section class=\"elementor-section elementor-top-section elementor-element elementor-element-78a0c97d elementor-section-boxed elementor-section-height-default elementor-section-height-default\" data-id=\"78a0c97d\" data-element_type=\"section\" data-settings=\"{&quot;background_background&quot;:&quot;classic&quot;,&quot;animation&quot;:&quot;none&quot;,&quot;ekit_has_onepagescroll_dot&quot;:&quot;yes&quot;}\">\n\t\t\t\t\t\t\t<div class=\"elementor-background-overlay\"><\/div>\n\t\t\t\t\t\t\t<div class=\"elementor-container elementor-column-gap-no\">\n\t\t\t\t\t<div class=\"elementor-column elementor-col-100 elementor-top-column elementor-element elementor-element-7b0440f1\" data-id=\"7b0440f1\" data-element_type=\"column\" data-settings=\"{&quot;background_background&quot;:&quot;classic&quot;,&quot;animation&quot;:&quot;none&quot;}\">\n\t\t\t<div class=\"elementor-widget-wrap elementor-element-populated\">\n\t\t\t\t\t\t<div class=\"elementor-element elementor-element-2d0de5c1 elementor-widget elementor-widget-heading\" data-id=\"2d0de5c1\" data-element_type=\"widget\" data-settings=\"{&quot;ekit_we_effect_on&quot;:&quot;none&quot;}\" data-widget_type=\"heading.default\">\n\t\t\t\t<div class=\"elementor-widget-container\">\n\t\t\t<h2 class=\"elementor-heading-title elementor-size-default\">Formulaire de demande d'\u00c9tude d'impact sur le march\u00e9 du travail (EIMT)<\/h2>\t\t<\/div>\n\t\t\t\t<\/div>\n\t\t\t\t<div class=\"elementor-element elementor-element-7551cda elementor-widget elementor-widget-shortcode\" data-id=\"7551cda\" data-element_type=\"widget\" data-settings=\"{&quot;ekit_we_effect_on&quot;:&quot;none&quot;}\" data-widget_type=\"shortcode.default\">\n\t\t\t\t<div class=\"elementor-widget-container\">\n\t\t\t\t\t<div class=\"elementor-shortcode\"><script type=\"text\/javascript\">var gform;gform||(document.addEventListener(\"gform_main_scripts_loaded\",function(){gform.scriptsLoaded=!0}),window.addEventListener(\"DOMContentLoaded\",function(){gform.domLoaded=!0}),gform={domLoaded:!1,scriptsLoaded:!1,initializeOnLoaded:function(o){gform.domLoaded&&gform.scriptsLoaded?o():!gform.domLoaded&&gform.scriptsLoaded?window.addEventListener(\"DOMContentLoaded\",o):document.addEventListener(\"gform_main_scripts_loaded\",o)},hooks:{action:{},filter:{}},addAction:function(o,n,r,t){gform.addHook(\"action\",o,n,r,t)},addFilter:function(o,n,r,t){gform.addHook(\"filter\",o,n,r,t)},doAction:function(o){gform.doHook(\"action\",o,arguments)},applyFilters:function(o){return gform.doHook(\"filter\",o,arguments)},removeAction:function(o,n){gform.removeHook(\"action\",o,n)},removeFilter:function(o,n,r){gform.removeHook(\"filter\",o,n,r)},addHook:function(o,n,r,t,i){null==gform.hooks[o][n]&&(gform.hooks[o][n]=[]);var e=gform.hooks[o][n];null==i&&(i=n+\"_\"+e.length),gform.hooks[o][n].push({tag:i,callable:r,priority:t=null==t?10:t})},doHook:function(n,o,r){var t;if(r=Array.prototype.slice.call(r,1),null!=gform.hooks[n][o]&&((o=gform.hooks[n][o]).sort(function(o,n){return o.priority-n.priority}),o.forEach(function(o){\"function\"!=typeof(t=o.callable)&&(t=window[t]),\"action\"==n?t.apply(null,r):r[0]=t.apply(null,r)})),\"filter\"==n)return r[0]},removeHook:function(o,n,t,i){var r;null!=gform.hooks[o][n]&&(r=(r=gform.hooks[o][n]).filter(function(o,n,r){return!!(null!=i&&i!=o.tag||null!=t&&t!=o.priority)}),gform.hooks[o][n]=r)}});<\/script>\n                <div class='gf_browser_gecko gform_wrapper gravity-theme gform-theme--no-framework' data-form-theme='gravity-theme' data-form-index='0' id='gform_wrapper_7' >\n                        <div class='gform_heading'>\n                            <p class='gform_description'><\/p>\n                        <\/div><form method='post' enctype='multipart\/form-data'  id='gform_7'  action='\/fr\/wp-json\/wp\/v2\/pages\/1067' data-formid='7' novalidate>\n                        <div class='gform-body gform_body'><div id='gform_fields_7' class='gform_fields top_label form_sublabel_below description_below validation_below'><div id=\"field_7_1\" class=\"gfield gfield--type-text gfield_contains_required field_sublabel_below gfield--no-description field_description_below field_validation_below gfield_visibility_visible\"  data-js-reload=\"field_7_1\" ><label class='gfield_label gform-field-label' for='input_7_1'>Nom de l&#039;employeur<span class=\"gfield_required\"><span class=\"gfield_required gfield_required_text\">(N\u00e9cessaire)<\/span><\/span><\/label><div class='ginput_container ginput_container_text'><input name='input_1' id='input_7_1' type='text' value='' class='large'     aria-required=\"true\" aria-invalid=\"false\"   \/> <\/div><\/div><div id=\"field_7_3\" class=\"gfield gfield--type-text gfield--width-full gfield_contains_required field_sublabel_below gfield--no-description field_description_below field_validation_below gfield_visibility_visible\"  data-js-reload=\"field_7_3\" ><label class='gfield_label gform-field-label' for='input_7_3'>Adresse e-mail de l&#039;employeur<span class=\"gfield_required\"><span class=\"gfield_required gfield_required_text\">(N\u00e9cessaire)<\/span><\/span><\/label><div class='ginput_container ginput_container_text'><input name='input_3' id='input_7_3' type='text' value='' class='large'     aria-required=\"true\" aria-invalid=\"false\"   \/> <\/div><\/div><div id=\"field_7_4\" class=\"gfield gfield--type-text gfield--width-full gfield_contains_required field_sublabel_below gfield--no-description field_description_below field_validation_below gfield_visibility_visible\"  data-js-reload=\"field_7_4\" ><label class='gfield_label gform-field-label' for='input_7_4'>Nom ou type d&#039;entreprise (secteur d&#039;activit\u00e9)<span class=\"gfield_required\"><span class=\"gfield_required gfield_required_text\">(N\u00e9cessaire)<\/span><\/span><\/label><div class='ginput_container ginput_container_text'><input name='input_4' id='input_7_4' type='text' value='' class='large'     aria-required=\"true\" aria-invalid=\"false\"   \/> <\/div><\/div><div id=\"field_7_5\" class=\"gfield gfield--type-text gfield--width-full gfield_contains_required field_sublabel_below gfield--no-description field_description_below field_validation_below gfield_visibility_visible\"  data-js-reload=\"field_7_5\" ><label class='gfield_label gform-field-label' for='input_7_5'>Nombre d&#039;ann\u00e9es d&#039;exploitation de l&#039;entreprise<span class=\"gfield_required\"><span class=\"gfield_required gfield_required_text\">(N\u00e9cessaire)<\/span><\/span><\/label><div class='ginput_container ginput_container_text'><input name='input_5' id='input_7_5' type='text' value='' class='large'     aria-required=\"true\" aria-invalid=\"false\"   \/> <\/div><\/div><div id=\"field_7_7\" class=\"gfield gfield--type-text gfield--width-full gfield_contains_required field_sublabel_below gfield--no-description field_description_below field_validation_below gfield_visibility_visible\"  data-js-reload=\"field_7_7\" ><label class='gfield_label gform-field-label' for='input_7_7'>Province<span class=\"gfield_required\"><span class=\"gfield_required gfield_required_text\">(N\u00e9cessaire)<\/span><\/span><\/label><div class='ginput_container ginput_container_text'><input name='input_7' id='input_7_7' type='text' value='' class='large'     aria-required=\"true\" aria-invalid=\"false\"   \/> <\/div><\/div><div id=\"field_7_6\" class=\"gfield gfield--type-text gfield--width-full gfield_contains_required field_sublabel_below gfield--no-description field_description_below field_validation_below gfield_visibility_visible\"  data-js-reload=\"field_7_6\" ><label class='gfield_label gform-field-label' for='input_7_6'>ville<span class=\"gfield_required\"><span class=\"gfield_required gfield_required_text\">(N\u00e9cessaire)<\/span><\/span><\/label><div class='ginput_container ginput_container_text'><input name='input_6' id='input_7_6' type='text' value='' class='large'     aria-required=\"true\" aria-invalid=\"false\"   \/> <\/div><\/div><div id=\"field_7_8\" class=\"gfield gfield--type-textarea gfield--width-full gfield_contains_required field_sublabel_below gfield--no-description field_description_below field_validation_below gfield_visibility_visible\"  data-js-reload=\"field_7_8\" ><label class='gfield_label gform-field-label' for='input_7_8'>Veuillez fournir une description d\u00e9taill\u00e9e du service de recrutement dont vous avez besoin.<span class=\"gfield_required\"><span class=\"gfield_required gfield_required_text\">(N\u00e9cessaire)<\/span><\/span><\/label><div class='ginput_container ginput_container_textarea'><textarea name='input_8' id='input_7_8' class='textarea large'     aria-required=\"true\" aria-invalid=\"false\"   rows='10' cols='50'><\/textarea><\/div><\/div><\/div><\/div>\n        <div class='gform_footer before'> <input type='submit' id='gform_submit_button_7' class='gform_button button' value='Envoyer'  onclick='if(window[\"gf_submitting_7\"]){return false;}  if( !jQuery(\"#gform_7\")[0].checkValidity || jQuery(\"#gform_7\")[0].checkValidity()){window[\"gf_submitting_7\"]=true;}  ' onkeypress='if( event.keyCode == 13 ){ if(window[\"gf_submitting_7\"]){return false;} if( !jQuery(\"#gform_7\")[0].checkValidity || jQuery(\"#gform_7\")[0].checkValidity()){window[\"gf_submitting_7\"]=true;}  jQuery(\"#gform_7\").trigger(\"submit\",[true]); }' \/> \n            <input type='hidden' class='gform_hidden' name='is_submit_7' value='1' \/>\n            <input type='hidden' class='gform_hidden' name='gform_submit' value='7' \/>\n            \n            <input type='hidden' class='gform_hidden' name='gform_unique_id' value='' \/>\n            <input type='hidden' class='gform_hidden' name='state_7' value='WyJbXSIsIjZhMjc3Mjg5YzJlZWJiMWQ1N2NhOGQ1YWYyZjhlZmJkIl0=' \/>\n            <input type='hidden' class='gform_hidden' name='gform_target_page_number_7' id='gform_target_page_number_7' value='0' \/>\n            <input type='hidden' class='gform_hidden' name='gform_source_page_number_7' id='gform_source_page_number_7' value='1' \/>\n            <input type='hidden' name='gform_field_values' value='' \/>\n            \n        <\/div>\n                        <\/form>\n                        <\/div><script>\ngform.initializeOnLoaded( function() {gformInitSpinner( 7, 'https:\/\/mercare.ca\/wp-content\/plugins\/gravityforms\/images\/spinner.svg', true );jQuery('#gform_ajax_frame_7').on('load',function(){var contents = jQuery(this).contents().find('*').html();var is_postback = contents.indexOf('GF_AJAX_POSTBACK') >= 0;if(!is_postback){return;}var form_content = jQuery(this).contents().find('#gform_wrapper_7');var is_confirmation = jQuery(this).contents().find('#gform_confirmation_wrapper_7').length > 0;var is_redirect = contents.indexOf('gformRedirect(){') >= 0;var is_form = form_content.length > 0 && ! is_redirect && ! is_confirmation;var mt = parseInt(jQuery('html').css('margin-top'), 10) + parseInt(jQuery('body').css('margin-top'), 10) + 100;if(is_form){jQuery('#gform_wrapper_7').html(form_content.html());if(form_content.hasClass('gform_validation_error')){jQuery('#gform_wrapper_7').addClass('gform_validation_error');} else {jQuery('#gform_wrapper_7').removeClass('gform_validation_error');}setTimeout( function() { \/* delay the scroll by 50 milliseconds to fix a bug in chrome *\/  }, 50 );if(window['gformInitDatepicker']) {gformInitDatepicker();}if(window['gformInitPriceFields']) {gformInitPriceFields();}var current_page = jQuery('#gform_source_page_number_7').val();gformInitSpinner( 7, 'https:\/\/mercare.ca\/wp-content\/plugins\/gravityforms\/images\/spinner.svg', true );jQuery(document).trigger('gform_page_loaded', [7, current_page]);window['gf_submitting_7'] = false;}else if(!is_redirect){var confirmation_content = jQuery(this).contents().find('.GF_AJAX_POSTBACK').html();if(!confirmation_content){confirmation_content = contents;}jQuery('#gform_wrapper_7').replaceWith(confirmation_content);jQuery(document).trigger('gform_confirmation_loaded', [7]);window['gf_submitting_7'] = false;wp.a11y.speak(jQuery('#gform_confirmation_message_7').text());}else{jQuery('#gform_7').append(contents);if(window['gformRedirect']) {gformRedirect();}}jQuery(document).trigger(\"gform_pre_post_render\", [{ formId: \"7\", currentPage: \"current_page\", abort: function() { this.preventDefault(); } }]);                if (event && event.defaultPrevented) {                return;         }        const gformWrapperDiv = document.getElementById( \"gform_wrapper_7\" );        if ( gformWrapperDiv ) {            const visibilitySpan = document.createElement( \"span\" );            visibilitySpan.id = \"gform_visibility_test_7\";            gformWrapperDiv.insertAdjacentElement( \"afterend\", visibilitySpan );        }        const visibilityTestDiv = document.getElementById( \"gform_visibility_test_7\" );        let postRenderFired = false;                function triggerPostRender() {            if ( postRenderFired ) {                return;            }            postRenderFired = true;            jQuery( document ).trigger( 'gform_post_render', [7, current_page] );            gform.utils.trigger( { event: 'gform\/postRender', native: false, data: { formId: 7, currentPage: current_page } } );            if ( visibilityTestDiv ) {                visibilityTestDiv.parentNode.removeChild( visibilityTestDiv );            }        }        function debounce( func, wait, immediate ) {            var timeout;            return function() {                var context = this, args = arguments;                var later = function() {                    timeout = null;                    if ( !immediate ) func.apply( context, args );                };                var callNow = immediate && !timeout;                clearTimeout( timeout );                timeout = setTimeout( later, wait );                if ( callNow ) func.apply( context, args );            };        }        const debouncedTriggerPostRender = debounce( function() {            triggerPostRender();        }, 200 );        if ( visibilityTestDiv && visibilityTestDiv.offsetParent === null ) {            const observer = new MutationObserver( ( mutations ) => {                mutations.forEach( ( mutation ) => {                    if ( mutation.type === 'attributes' && visibilityTestDiv.offsetParent !== null ) {                        debouncedTriggerPostRender();                        observer.disconnect();                    }                });            });            observer.observe( document.body, {                attributes: true,                childList: false,                subtree: true,                attributeFilter: [ 'style', 'class' ],            });        } else {            triggerPostRender();        }    } );} );\n<\/script>\n<\/div>\n\t\t\t\t<\/div>\n\t\t\t\t<\/div>\n\t\t\t\t\t<\/div>\n\t\t<\/div>\n\t\t\t\t\t<\/div>\n\t\t<\/section>\n\t\t\t\t<\/div>\n\t\t","protected":false},"excerpt":{"rendered":"<p>Programme des travailleurs \u00e9trangers (gardiennes d\u2019enfants et aides-soignantes) Le programme des travailleurs \u00e9trangers temporaires permet aux employeurs canadiens d\u2019embaucher des travailleurs \u00e9trangers pour des postes temporaires en l\u2019absence de main-d\u2019\u0153uvre qualifi\u00e9e canadienne ou de r\u00e9sidents permanents. Les familles peuvent embaucher une aide-soignante \u00e9trang\u00e8re pour prodiguer des soins, dans une r\u00e9sidence priv\u00e9e, \u00e0 des enfants, des [&hellip;]<\/p>\n","protected":false},"author":2,"featured_media":0,"parent":0,"menu_order":0,"comment_status":"closed","ping_status":"closed","template":"","meta":{"footnotes":""},"aioseo_notices":[],"_links":{"self":[{"href":"https:\/\/mercare.ca\/fr\/wp-json\/wp\/v2\/pages\/1067"}],"collection":[{"href":"https:\/\/mercare.ca\/fr\/wp-json\/wp\/v2\/pages"}],"about":[{"href":"https:\/\/mercare.ca\/fr\/wp-json\/wp\/v2\/types\/page"}],"author":[{"embeddable":true,"href":"https:\/\/mercare.ca\/fr\/wp-json\/wp\/v2\/users\/2"}],"replies":[{"embeddable":true,"href":"https:\/\/mercare.ca\/fr\/wp-json\/wp\/v2\/comments?post=1067"}],"version-history":[{"count":3,"href":"https:\/\/mercare.ca\/fr\/wp-json\/wp\/v2\/pages\/1067\/revisions"}],"predecessor-version":[{"id":1603,"href":"https:\/\/mercare.ca\/fr\/wp-json\/wp\/v2\/pages\/1067\/revisions\/1603"}],"wp:attachment":[{"href":"https:\/\/mercare.ca\/fr\/wp-json\/wp\/v2\/media?parent=1067"}],"curies":[{"name":"wp","href":"https:\/\/api.w.org\/{rel}","templated":true}]}}